{"id":6924,"date":"2020-08-19T10:55:28","date_gmt":"2020-08-19T10:55:28","guid":{"rendered":"https:\/\/www.primozroglic.com\/privacy-policy-and-cookies\/"},"modified":"2020-09-05T08:36:34","modified_gmt":"2020-09-05T08:36:34","slug":"privacy-policy-and-cookies","status":"publish","type":"page","link":"https:\/\/www.primozroglic.com\/en\/privacy-policy-and-cookies\/","title":{"rendered":"Privacy policy and cookies"},"content":{"rendered":"\n<div class=\"row\"  id=\"row-2009344643\">\n\n\n\t<div id=\"col-252855152\" class=\"col small-12 large-12\"  >\n\t\t\t\t<div class=\"col-inner\"  >\n\t\t\t\n\t\t\t<div id=\"lipsum\">\r\n<div class=\"policy-text\">\r\n<div class=\"wp-suggested-text hide-privacy-policy-tutorial\">\r\n<h1>Privacy policy<\/h1>\r\n<h2>Who are we?<\/h2>\r\nOfficial Primo\u017e Rogli\u010d website and online store www.primozroglic.com are managed by Ariom Leone d.o.o. , Zgornje Ho\u010de 29c, 2311 Ho\u010de, Slovenia &nbsp;(Registration No .: 8402779000). We have prepared a privacy policy in order to provide information on the collection and processing of personal data when products and services are offered from the company&#8217;s official website, namely www.primozroglic.com.\r\n\r\nThe handling of personal data is dealt with in accordance with the <strong><a href=\"https:\/\/www.uradni-list.si\/glasilo-uradni-list-rs\/vsebina\/82668\">Personal Data Protection Act (ZVOP-1-UPB1)<\/a><\/strong> and the <strong><a href=\"https:\/\/eur-lex.europa.eu\/legal-content\/SL\/TXT\/?uri=uriserv:OJ.L_.2016.119.01.0001.01.SLV&amp;toc=OJ:L:2016:119:FULL\">EU General Data Protection Regulation<\/a>.<\/strong>\r\n<h3>Protection and use of personal data<\/h3>\r\nAriom Leone d.o.o. undertakes to permanently protect all personal data of the user. Ariom Leone d.o.o. will use personal data exclusively for the purpose of fulfilling the order (sending information material, offers, invoices) and other necessary communication.\r\n\r\nUnder no circumstances will the user&#8217;s data be passed on to unauthorized persons.\r\n\r\nIn exceptional cases, the data that Ariom Leone d.o.o. collects and processes for orders and is provided to Ariom Leone d.o.o. by costumer , is going to be disclosed only in the case of obligations specified by law, or in good faith that such action is necessary for proceedings before courts or other state bodies and for the protection and realization of the legitimate interests of Ariom Leone d.o.o.\r\n<h3>What data we collect<\/h3>\r\nFor the needs of Ariom Leone d.o.o. online store we collect the following user data:\r\n<ul><li>name and surname,<\/li>\r\n \t<li>address and place of residence,<\/li>\r\n \t<li>email address<\/li>\r\n \t<li>contact telephone number,<\/li>\r\n \t<li>Other information that users enter in the forms on the website.<\/li>\r\n<\/ul>\r\nWe are not responsible for the accuracy of the data entered by the user. The user has the option to request the deletion of all his personal data at any time &#8211; see the section &#8220;Request the deletion of data&#8221;.\r\n\r\nAt the beginning of the visit, each user is assigned a session cookie to identify and monitor the shopping cart. On your computer, Ariom Leone d.o.o. among other things, it also stores other cookies &#8211; more about this in the &#8220;Cookies&#8221; section.\r\n\r\nAll mentioned data, except cookies, are stored on the server of Ariom Leone d.o.o. stored permanently, if obtained with consent, until revoked. Session cookies are stored in the server&#8217;s memory only for the duration of the visit and are deleted after one hour of inactivity, while persistent cookies are stored on the visitor&#8217;s computer.\r\n<h3>Request the deletion of your data<\/h3>\r\nIf you want us to remove your personal data from our online database, please submit a request for deletion of data to the e-mail address info@primozroglic.com.\r\n<h3>Cookies<\/h3>\r\nWhat are cookies and what are they for\r\n\r\nCookies are small text files that are uploaded to your computer by websites you visit. Cookies are widely used to operate websites operated or to operate more efficiently, as well as to obtain information from website owners.\r\n<h3>Cookies in use<\/h3>\r\n<table class=\"table table-striped\"><thead><tr><th>Name<\/th>\r\n<th>Purpose<\/th>\r\n<th>Duration<\/th>\r\n<\/tr><\/thead><tbody><tr><td>viewed_cookie_policy<\/td>\r\n<td>The cookie is set to \u201cyes\u201d when the user sees and agrees to the Cookie law information banner.<\/td>\r\n<td>1 year<\/td>\r\n<\/tr><tr><td>_icl_current_language<\/td>\r\n<td>The cookie comes from the WordPress WPML plugin for multilingual support. Stores the value of the language set for page viewing.<\/td>\r\n<td>1 day<\/td>\r\n<\/tr><tr><td>wordpress_*<\/td>\r\n<td>Cookie for logged in user. Browser session duration<\/td>\r\n<td>Browser session duration<\/td>\r\n<\/tr><tr><td>wordpress_logged_in_*<\/td>\r\n<td>Cookie for logged in user.<\/td>\r\n<td>Browser session duration<\/td>\r\n<\/tr><tr><td>woocommerce_cart_hash<\/td>\r\n<td>A cookie stores an encrypted string that represents the contents of a WooCommerce shopping cart.<\/td>\r\n<td>Browser session duration<\/td>\r\n<\/tr><tr><td>woocommerce_items_in_cart<\/td>\r\n<td>A cookie records if items are present in the WooCommerce shopping cart.<\/td>\r\n<td>Browser session duration<\/td>\r\n<\/tr><tr><td>woocommerce_recently_viewed<\/td>\r\n<td>Cookie keeps a box with up to 15 last viewed items.<\/td>\r\n<td>Browser session duration<\/td>\r\n<\/tr><tr><td>wp_woocommerce_session_*<\/td>\r\n<td>The cookie stores a unique identifier for the shopper and is used to search for a shopping cart among shoppers&#8217; data.<\/td>\r\n<td>1 day<\/td>\r\n<\/tr><tr><td>_ga<\/td>\r\n<td>The cookie serves to differentiate users. Source: Google Analytics<\/td>\r\n<td>2 years<\/td>\r\n<\/tr><tr><td>_gid<\/td>\r\n<td>The cookie serves to differentiate users. Source: Google Analytics<\/td>\r\n<td>24 hours<\/td>\r\n<\/tr><tr><td>_gat<\/td>\r\n<td>The cookie is used to block requests. Source: Google Analytics<\/td>\r\n<td>1 minute<\/td>\r\n<\/tr><tr><td>__utma<\/td>\r\n<td>The cookie serves to distinguish between users and sessions. Source: Google Analytics<\/td>\r\n<td>2 years<\/td>\r\n<\/tr><tr><td>__utmt<\/td>\r\n<td>The cookie serves to block requests. Source: Google Analytics<\/td>\r\n<td>10 minutes<\/td>\r\n<\/tr><tr><td>__utmb<\/td>\r\n<td>The cookie is used to specify new sessions \/ visits. Source: Google Analytics<\/td>\r\n<td>30 minutes<\/td>\r\n<\/tr><tr><td>__utmc<\/td>\r\n<td>The cookie is used to specify new sessions \/ visits. Source: Google Analytics<\/td>\r\n<td>Browser session duration<\/td>\r\n<\/tr><tr><td>__utmz<\/td>\r\n<td>The cookie stores the source of traffic or campaigns and serves to determine the arrival on the website. Source: Google Analytics<\/td>\r\n<td>6 months<\/td>\r\n<\/tr><tr><td>__utmv<\/td>\r\n<td>The cookie stores custom user variables. Source: Google Analytics<\/td>\r\n<td>2 years<\/td>\r\n<\/tr><\/tbody><\/table><\/div>\r\n<\/div>\r\nDelete cookies\r\n\r\nMost browsers already have automatic cookie acceptance set up. Of course, most browsers already allow the user to set their own way of storing cookies. By disabling cookies, the website will not work properly or its functionality will be disabled.\r\n\r\nInstructions for enabling settings can be found here:\r\n<ul><li><a href=\"http:\/\/windows.microsoft.com\/sl-si\/windows-vista\/block-or-allow-cookies\" target=\"_blank\" rel=\"noopener noreferrer\"><span data-text-color=\"primary\">Internet Explorer<\/span><\/a><\/li>\r\n \t<li><a href=\"http:\/\/support.mozilla.org\/sl\/kb\/Kako%20aktivirate%20in%20deaktivirate%20pi%C5%A1kote\" target=\"_blank\" rel=\"noopener noreferrer\"><span data-text-color=\"primary\">Mozilla Firefox<\/span><\/a><\/li>\r\n \t<li><a href=\"https:\/\/support.google.com\/chrome\/answer\/95647?hl=sl-sl&amp;p=cpn_cookies\" target=\"_blank\" rel=\"noopener noreferrer\"><span data-text-color=\"primary\">Google Chrome<\/span><\/a><\/li>\r\n \t<li><a href=\"http:\/\/www.opera.com\/help\/tutorials\/security\/privacy\/\" target=\"_blank\" rel=\"noopener noreferrer\"><span data-text-color=\"primary\">Opera<\/span><\/a><\/li>\r\n \t<li><a href=\"http:\/\/www.apple.com\/support\/safari\/\" target=\"_blank\" rel=\"noopener noreferrer\"><span data-text-color=\"primary\">Safari<\/span><\/a><\/li>\r\n<\/ul>\r\nTo prevent Google Analytics from being tracked on all sites, visit <a href=\"http:\/\/tools.google.com\/dlpage\/gaoptout\">http:\/\/tools.google.com\/dlpage\/gaoptout.<\/a>\r\n\r\n<\/div>\t\t<\/div>\n\t\t\t\t\t<\/div>\n\n\t\n\n\n<style>\n#row-2009344643 > .col > .col-inner {\n  padding: 30px 0px 60px 0px;\n}\n<\/style>\n<\/div>\n","protected":false},"excerpt":{"rendered":"","protected":false},"author":1,"featured_media":0,"parent":0,"menu_order":0,"comment_status":"closed","ping_status":"closed","template":"page-blank.php","meta":{"footnotes":""},"class_list":["post-6924","page","type-page","status-publish","hentry"],"_links":{"self":[{"href":"https:\/\/www.primozroglic.com\/en\/wp-json\/wp\/v2\/pages\/6924","targetHints":{"allow":["GET"]}}],"collection":[{"href":"https:\/\/www.primozroglic.com\/en\/wp-json\/wp\/v2\/pages"}],"about":[{"href":"https:\/\/www.primozroglic.com\/en\/wp-json\/wp\/v2\/types\/page"}],"author":[{"embeddable":true,"href":"https:\/\/www.primozroglic.com\/en\/wp-json\/wp\/v2\/users\/1"}],"replies":[{"embeddable":true,"href":"https:\/\/www.primozroglic.com\/en\/wp-json\/wp\/v2\/comments?post=6924"}],"version-history":[{"count":0,"href":"https:\/\/www.primozroglic.com\/en\/wp-json\/wp\/v2\/pages\/6924\/revisions"}],"wp:attachment":[{"href":"https:\/\/www.primozroglic.com\/en\/wp-json\/wp\/v2\/media?parent=6924"}],"curies":[{"name":"wp","href":"https:\/\/api.w.org\/{rel}","templated":true}]}}