{"id":34974,"date":"2023-10-13T11:00:47","date_gmt":"2023-10-13T09:00:47","guid":{"rendered":"https:\/\/www.primozroglic.com\/product\/water-bottle-golden-circle\/"},"modified":"2025-11-17T13:51:50","modified_gmt":"2025-11-17T12:51:50","slug":"water-bottle-golden-circle","status":"publish","type":"product","link":"https:\/\/www.primozroglic.com\/en\/product\/water-bottle-golden-circle\/","title":{"rendered":"Water bottle Golden Circle"},"content":{"rendered":"<p><img decoding=\"async\" class=\"alignnone size-full wp-image-34861\" src=\"https:\/\/www.primozroglic.com\/wp-content\/uploads\/2023\/10\/export-3245.jpg\" alt=\"\" width=\"1920\" height=\"1351\" srcset=\"https:\/\/www.primozroglic.com\/wp-content\/uploads\/2023\/10\/export-3245.jpg 1920w, https:\/\/www.primozroglic.com\/wp-content\/uploads\/2023\/10\/export-3245-1200x844.jpg 1200w, https:\/\/www.primozroglic.com\/wp-content\/uploads\/2023\/10\/export-3245-568x400.jpg 568w, https:\/\/www.primozroglic.com\/wp-content\/uploads\/2023\/10\/export-3245-1137x800.jpg 1137w, https:\/\/www.primozroglic.com\/wp-content\/uploads\/2023\/10\/export-3245-768x540.jpg 768w, https:\/\/www.primozroglic.com\/wp-content\/uploads\/2023\/10\/export-3245-1536x1081.jpg 1536w\" sizes=\"(max-width: 1920px) 100vw, 1920px\" \/><\/p>\n","protected":false},"excerpt":{"rendered":"<p>The black and gold combination never goes out of fashion and out of our memory. It will forever remind us of the July morning when Primo\u017e became the Olympic Champion and the annual Golden Circle event with Primo\u017e Rogli\u010d. We painted the black bottle with golden lines and the logo of Primo\u017e Rogli\u010d, which will add a finishing touch to your bike with its appearance. Do you already know which jersey you will combine it with?<\/p>\n<p>&#8211; 500 mL<\/p>\n<p>&#8211; BPA free<\/p>\n","protected":false},"featured_media":34858,"template":"","meta":[],"product_brand":[],"product_cat":[301,577,610,348],"product_tag":[],"class_list":{"0":"post-34974","1":"product","2":"type-product","3":"status-publish","4":"has-post-thumbnail","6":"product_cat-all-products","7":"product_cat-bidons","8":"product_cat-black-friday-deals","9":"product_cat-cycling","11":"first","12":"instock","13":"shipping-taxable","14":"purchasable","15":"product-type-simple"},"bundled_by":[],"bundle_stock_status":"instock","bundle_stock_quantity":null,"bundle_virtual":false,"bundle_layout":"","bundle_add_to_cart_form_location":"","bundle_editable_in_cart":false,"bundle_sold_individually_context":"","bundle_item_grouping":"","bundle_min_size":"","bundle_max_size":"","bundle_price":[],"bundled_items":[],"bundle_sell_ids":[],"_links":{"self":[{"href":"https:\/\/www.primozroglic.com\/en\/wp-json\/wp\/v2\/product\/34974","targetHints":{"allow":["GET"]}}],"collection":[{"href":"https:\/\/www.primozroglic.com\/en\/wp-json\/wp\/v2\/product"}],"about":[{"href":"https:\/\/www.primozroglic.com\/en\/wp-json\/wp\/v2\/types\/product"}],"wp:featuredmedia":[{"embeddable":true,"href":"https:\/\/www.primozroglic.com\/en\/wp-json\/wp\/v2\/media\/34858"}],"wp:attachment":[{"href":"https:\/\/www.primozroglic.com\/en\/wp-json\/wp\/v2\/media?parent=34974"}],"wp:term":[{"taxonomy":"product_brand","embeddable":true,"href":"https:\/\/www.primozroglic.com\/en\/wp-json\/wp\/v2\/product_brand?post=34974"},{"taxonomy":"product_cat","embeddable":true,"href":"https:\/\/www.primozroglic.com\/en\/wp-json\/wp\/v2\/product_cat?post=34974"},{"taxonomy":"product_tag","embeddable":true,"href":"https:\/\/www.primozroglic.com\/en\/wp-json\/wp\/v2\/product_tag?post=34974"}],"curies":[{"name":"wp","href":"https:\/\/api.w.org\/{rel}","templated":true}]}}