{"id":35030,"date":"2023-10-23T10:31:32","date_gmt":"2023-10-23T08:31:33","guid":{"rendered":"https:\/\/www.primozroglic.com\/?post_type=product&#038;p=35030"},"modified":"2024-11-28T17:54:25","modified_gmt":"2024-11-28T16:54:25","slug":"t-shirt-gradient-unisex","status":"publish","type":"product","link":"https:\/\/www.primozroglic.com\/en\/product\/t-shirt-gradient-unisex\/","title":{"rendered":"T-Shirt Gradient Unisex"},"content":{"rendered":"<p><img decoding=\"async\" class=\"alignnone size-full wp-image-35036\" src=\"https:\/\/www.primozroglic.com\/wp-content\/uploads\/2023\/10\/tabela-velikosti-.jpg\" alt=\"\" width=\"958\" height=\"332\" srcset=\"https:\/\/www.primozroglic.com\/wp-content\/uploads\/2023\/10\/tabela-velikosti-.jpg 958w, https:\/\/www.primozroglic.com\/wp-content\/uploads\/2023\/10\/tabela-velikosti--800x277.jpg 800w, https:\/\/www.primozroglic.com\/wp-content\/uploads\/2023\/10\/tabela-velikosti--768x266.jpg 768w\" sizes=\"(max-width: 958px) 100vw, 958px\" \/><\/p>\n","protected":false},"excerpt":{"rendered":"<p>If it&#8217;s great for the children&#8217;s it is suitable for adults as well. A fashionable t-shirt with which the whole family can show that they support Primo\u017e. Fashion T-shirt with a subtle print of the Primo\u017e Rogli\u010d logo made of plush on the chest.<\/p>\n<ul>\n<li><span class=\"ql-bg-pink\">Relaxed model \/ Unisex<\/span><\/li>\n<\/ul>\n","protected":false},"featured_media":35049,"template":"","meta":[],"product_brand":[],"product_cat":[301,299,509,300],"product_tag":[],"class_list":{"0":"post-35030","1":"product","2":"type-product","3":"status-publish","4":"has-post-thumbnail","6":"product_cat-all-products","7":"product_cat-men","8":"product_cat-t-shirts","9":"product_cat-women","11":"first","12":"outofstock","13":"sale","14":"shipping-taxable","15":"purchasable","16":"product-type-variable"},"bundled_by":[],"bundle_stock_status":"outofstock","bundle_stock_quantity":null,"bundle_virtual":false,"bundle_layout":"","bundle_add_to_cart_form_location":"","bundle_editable_in_cart":false,"bundle_sold_individually_context":"","bundle_item_grouping":"","bundle_min_size":"","bundle_max_size":"","bundle_price":[],"bundled_items":[],"bundle_sell_ids":[],"_links":{"self":[{"href":"https:\/\/www.primozroglic.com\/en\/wp-json\/wp\/v2\/product\/35030","targetHints":{"allow":["GET"]}}],"collection":[{"href":"https:\/\/www.primozroglic.com\/en\/wp-json\/wp\/v2\/product"}],"about":[{"href":"https:\/\/www.primozroglic.com\/en\/wp-json\/wp\/v2\/types\/product"}],"wp:featuredmedia":[{"embeddable":true,"href":"https:\/\/www.primozroglic.com\/en\/wp-json\/wp\/v2\/media\/35049"}],"wp:attachment":[{"href":"https:\/\/www.primozroglic.com\/en\/wp-json\/wp\/v2\/media?parent=35030"}],"wp:term":[{"taxonomy":"product_brand","embeddable":true,"href":"https:\/\/www.primozroglic.com\/en\/wp-json\/wp\/v2\/product_brand?post=35030"},{"taxonomy":"product_cat","embeddable":true,"href":"https:\/\/www.primozroglic.com\/en\/wp-json\/wp\/v2\/product_cat?post=35030"},{"taxonomy":"product_tag","embeddable":true,"href":"https:\/\/www.primozroglic.com\/en\/wp-json\/wp\/v2\/product_tag?post=35030"}],"curies":[{"name":"wp","href":"https:\/\/api.w.org\/{rel}","templated":true}]}}