{"id":37208,"date":"2023-12-19T21:51:56","date_gmt":"2023-12-19T19:51:57","guid":{"rendered":"https:\/\/www.primozroglic.com\/?post_type=product&#038;p=37208"},"modified":"2026-03-13T14:41:05","modified_gmt":"2026-03-13T13:41:05","slug":"kids-christmas-socks-copy","status":"publish","type":"product","link":"https:\/\/www.primozroglic.com\/en\/product\/kids-christmas-socks-copy\/","title":{"rendered":"Kid`s Socks"},"content":{"rendered":"","protected":false},"excerpt":{"rendered":"<p>An indispensable item in the wardrobe of every mini fan. A pattern in lively colors, complemented by the logo of Primo\u017e Rogli\u010d. Let&#8217;s go Primo\u017e!<\/p>\n<p>&nbsp;<\/p>\n<p>Material:<br \/>\n90%\u00a0cotton<br \/>\n7% polyamide<br \/>\n3% elastane<\/p>\n","protected":false},"featured_media":39694,"template":"","meta":[],"product_brand":[],"product_cat":[301,349,338],"product_tag":[],"class_list":{"0":"post-37208","1":"product","2":"type-product","3":"status-publish","4":"has-post-thumbnail","6":"product_cat-all-products","7":"product_cat-kids","8":"product_cat-socks","10":"first","11":"instock","12":"shipping-taxable","13":"purchasable","14":"product-type-variable"},"bundled_by":[],"bundle_stock_status":"instock","bundle_stock_quantity":null,"bundle_virtual":false,"bundle_layout":"","bundle_add_to_cart_form_location":"","bundle_editable_in_cart":false,"bundle_sold_individually_context":"","bundle_item_grouping":"","bundle_min_size":"","bundle_max_size":"","bundle_price":[],"bundled_items":[],"bundle_sell_ids":[],"_links":{"self":[{"href":"https:\/\/www.primozroglic.com\/en\/wp-json\/wp\/v2\/product\/37208","targetHints":{"allow":["GET"]}}],"collection":[{"href":"https:\/\/www.primozroglic.com\/en\/wp-json\/wp\/v2\/product"}],"about":[{"href":"https:\/\/www.primozroglic.com\/en\/wp-json\/wp\/v2\/types\/product"}],"wp:featuredmedia":[{"embeddable":true,"href":"https:\/\/www.primozroglic.com\/en\/wp-json\/wp\/v2\/media\/39694"}],"wp:attachment":[{"href":"https:\/\/www.primozroglic.com\/en\/wp-json\/wp\/v2\/media?parent=37208"}],"wp:term":[{"taxonomy":"product_brand","embeddable":true,"href":"https:\/\/www.primozroglic.com\/en\/wp-json\/wp\/v2\/product_brand?post=37208"},{"taxonomy":"product_cat","embeddable":true,"href":"https:\/\/www.primozroglic.com\/en\/wp-json\/wp\/v2\/product_cat?post=37208"},{"taxonomy":"product_tag","embeddable":true,"href":"https:\/\/www.primozroglic.com\/en\/wp-json\/wp\/v2\/product_tag?post=37208"}],"curies":[{"name":"wp","href":"https:\/\/api.w.org\/{rel}","templated":true}]}}