{"id":46199,"date":"2024-11-22T12:12:54","date_gmt":"2024-11-22T11:12:54","guid":{"rendered":"https:\/\/www.primozroglic.com\/product\/water-bottle-golden-circle-2024\/"},"modified":"2024-11-26T04:21:01","modified_gmt":"2024-11-26T03:21:01","slug":"water-bottle-golden-circle-2024","status":"publish","type":"product","link":"https:\/\/www.primozroglic.com\/en\/product\/water-bottle-golden-circle-2024\/","title":{"rendered":"Water bottle Golden Circle 2024"},"content":{"rendered":"<p><img decoding=\"async\" class=\"aligncenter size-full wp-image-46003\" src=\"https:\/\/www.primozroglic.com\/wp-content\/uploads\/2024\/11\/ZK_D1.jpg\" alt=\"\" width=\"2500\" height=\"1875\" srcset=\"https:\/\/www.primozroglic.com\/wp-content\/uploads\/2024\/11\/ZK_D1.jpg 2500w, https:\/\/www.primozroglic.com\/wp-content\/uploads\/2024\/11\/ZK_D1-533x400.jpg 533w, https:\/\/www.primozroglic.com\/wp-content\/uploads\/2024\/11\/ZK_D1-1067x800.jpg 1067w, https:\/\/www.primozroglic.com\/wp-content\/uploads\/2024\/11\/ZK_D1-768x576.jpg 768w, https:\/\/www.primozroglic.com\/wp-content\/uploads\/2024\/11\/ZK_D1-1536x1152.jpg 1536w, https:\/\/www.primozroglic.com\/wp-content\/uploads\/2024\/11\/ZK_D1-2048x1536.jpg 2048w, https:\/\/www.primozroglic.com\/wp-content\/uploads\/2024\/11\/ZK_D1-1320x990.jpg 1320w, https:\/\/www.primozroglic.com\/wp-content\/uploads\/2024\/11\/ZK_D1-1200x900.jpg 1200w\" sizes=\"(max-width: 2500px) 100vw, 2500px\" \/><\/p>\n","protected":false},"excerpt":{"rendered":"<p>The black and gold never goes out of fashion, just as it will always be etched in our minds. It will always remind us of that July morning when Primo\u017e became an Olympic champion and of the yearly event, the Golden Circle with Primo\u017e Rogli\u010d.<\/p>\n<p>This black bidon bears golden lines and the logo of Primo\u017e Rogli\u010d, adding just that specific finishing touch to your bicycle.<\/p>\n","protected":false},"featured_media":46002,"template":"","meta":[],"product_brand":[],"product_cat":[301,577,348,551],"product_tag":[],"class_list":{"0":"post-46199","1":"product","2":"type-product","3":"status-publish","4":"has-post-thumbnail","6":"product_cat-all-products","7":"product_cat-bidons","8":"product_cat-cycling","9":"product_cat-new-arrivals","11":"first","12":"outofstock","13":"shipping-taxable","14":"purchasable","15":"product-type-simple"},"bundled_by":[],"bundle_stock_status":"outofstock","bundle_stock_quantity":null,"bundle_virtual":false,"bundle_layout":"","bundle_add_to_cart_form_location":"","bundle_editable_in_cart":false,"bundle_sold_individually_context":"","bundle_item_grouping":"","bundle_min_size":"","bundle_max_size":"","bundle_price":[],"bundled_items":[],"bundle_sell_ids":[],"_links":{"self":[{"href":"https:\/\/www.primozroglic.com\/en\/wp-json\/wp\/v2\/product\/46199","targetHints":{"allow":["GET"]}}],"collection":[{"href":"https:\/\/www.primozroglic.com\/en\/wp-json\/wp\/v2\/product"}],"about":[{"href":"https:\/\/www.primozroglic.com\/en\/wp-json\/wp\/v2\/types\/product"}],"wp:featuredmedia":[{"embeddable":true,"href":"https:\/\/www.primozroglic.com\/en\/wp-json\/wp\/v2\/media\/46002"}],"wp:attachment":[{"href":"https:\/\/www.primozroglic.com\/en\/wp-json\/wp\/v2\/media?parent=46199"}],"wp:term":[{"taxonomy":"product_brand","embeddable":true,"href":"https:\/\/www.primozroglic.com\/en\/wp-json\/wp\/v2\/product_brand?post=46199"},{"taxonomy":"product_cat","embeddable":true,"href":"https:\/\/www.primozroglic.com\/en\/wp-json\/wp\/v2\/product_cat?post=46199"},{"taxonomy":"product_tag","embeddable":true,"href":"https:\/\/www.primozroglic.com\/en\/wp-json\/wp\/v2\/product_tag?post=46199"}],"curies":[{"name":"wp","href":"https:\/\/api.w.org\/{rel}","templated":true}]}}