{"id":54048,"date":"2025-04-26T12:53:21","date_gmt":"2025-04-26T11:53:21","guid":{"rendered":"https:\/\/www.primozroglic.com\/product\/kids-t-shirt-forza-primoz\/"},"modified":"2025-04-26T12:53:21","modified_gmt":"2025-04-26T11:53:21","slug":"kids-t-shirt-forza-primoz","status":"publish","type":"product","link":"https:\/\/www.primozroglic.com\/en\/product\/kids-t-shirt-forza-primoz\/","title":{"rendered":"Kids T-Shirt Forza Primo\u017e!"},"content":{"rendered":"","protected":false},"excerpt":{"rendered":"<p>A shirt that celebrates Primo\u017e&#8217;s strength, determination, and unstoppable spirit. The graphic featuring Primo\u017e&#8217;s portrait and the powerful message &#8220;Forza!&#8221; will accompany you in every fan moment.<\/p>\n","protected":false},"featured_media":53715,"template":"","meta":[],"product_brand":[],"product_cat":[301,349,551,509],"product_tag":[],"class_list":{"0":"post-54048","1":"product","2":"type-product","3":"status-publish","4":"has-post-thumbnail","6":"product_cat-all-products","7":"product_cat-kids","8":"product_cat-new-arrivals","9":"product_cat-t-shirts","11":"first","12":"instock","13":"shipping-taxable","14":"purchasable","15":"product-type-variable"},"bundled_by":[],"bundle_stock_status":"instock","bundle_stock_quantity":null,"bundle_virtual":false,"bundle_layout":"","bundle_add_to_cart_form_location":"","bundle_editable_in_cart":false,"bundle_sold_individually_context":"","bundle_item_grouping":"","bundle_min_size":"","bundle_max_size":"","bundle_price":[],"bundled_items":[],"bundle_sell_ids":[],"_links":{"self":[{"href":"https:\/\/www.primozroglic.com\/en\/wp-json\/wp\/v2\/product\/54048","targetHints":{"allow":["GET"]}}],"collection":[{"href":"https:\/\/www.primozroglic.com\/en\/wp-json\/wp\/v2\/product"}],"about":[{"href":"https:\/\/www.primozroglic.com\/en\/wp-json\/wp\/v2\/types\/product"}],"wp:featuredmedia":[{"embeddable":true,"href":"https:\/\/www.primozroglic.com\/en\/wp-json\/wp\/v2\/media\/53715"}],"wp:attachment":[{"href":"https:\/\/www.primozroglic.com\/en\/wp-json\/wp\/v2\/media?parent=54048"}],"wp:term":[{"taxonomy":"product_brand","embeddable":true,"href":"https:\/\/www.primozroglic.com\/en\/wp-json\/wp\/v2\/product_brand?post=54048"},{"taxonomy":"product_cat","embeddable":true,"href":"https:\/\/www.primozroglic.com\/en\/wp-json\/wp\/v2\/product_cat?post=54048"},{"taxonomy":"product_tag","embeddable":true,"href":"https:\/\/www.primozroglic.com\/en\/wp-json\/wp\/v2\/product_tag?post=54048"}],"curies":[{"name":"wp","href":"https:\/\/api.w.org\/{rel}","templated":true}]}}