{"id":60627,"date":"2025-10-29T14:25:39","date_gmt":"2025-10-29T13:25:39","guid":{"rendered":"https:\/\/www.primozroglic.com\/product\/t-shirt-statement-box-black-m\/"},"modified":"2025-10-29T14:25:39","modified_gmt":"2025-10-29T13:25:39","slug":"t-shirt-statement-box-black-m","status":"publish","type":"product","link":"https:\/\/www.primozroglic.com\/en\/product\/t-shirt-statement-box-black-m\/","title":{"rendered":"T &#8211; Shirt Statement Box Black M"},"content":{"rendered":"<p><img decoding=\"async\" class=\"aligncenter size-full wp-image-44502\" src=\"https:\/\/www.primozroglic.com\/wp-content\/uploads\/2024\/09\/Sizing-C2.0-novi.png\" alt=\"\" width=\"1398\" height=\"725\" srcset=\"https:\/\/www.primozroglic.com\/wp-content\/uploads\/2024\/09\/Sizing-C2.0-novi.png 1398w, https:\/\/www.primozroglic.com\/wp-content\/uploads\/2024\/09\/Sizing-C2.0-novi-771x400.png 771w, https:\/\/www.primozroglic.com\/wp-content\/uploads\/2024\/09\/Sizing-C2.0-novi-768x398.png 768w, https:\/\/www.primozroglic.com\/wp-content\/uploads\/2024\/09\/Sizing-C2.0-novi-1320x685.png 1320w, https:\/\/www.primozroglic.com\/wp-content\/uploads\/2024\/09\/Sizing-C2.0-novi-1200x622.png 1200w\" sizes=\"(max-width: 1398px) 100vw, 1398px\" \/><\/p>\n","protected":false},"excerpt":{"rendered":"<div class=\"ql-block\" data-block-id=\"block-d4ea0672-c0c2-44b9-b1ae-788478b28b26\">Patience. Clarity. Courage. Manifest. Grafi\u010den statement v kvadratu. Vse, kar potrebuje\u0161, da prese\u017ee\u0161 okvirje.<\/div>\n<div class=\"ql-block\" data-block-id=\"block-fdb2cd79-3517-4d39-93e2-0c46514790e4\">Don\u2019t Be Afraid to Start All Over Again.<\/div>\n","protected":false},"featured_media":59590,"template":"","meta":[],"product_brand":[],"product_cat":[301,299,551,608,509],"product_tag":[],"class_list":{"0":"post-60627","1":"product","2":"type-product","3":"status-publish","4":"has-post-thumbnail","6":"product_cat-all-products","7":"product_cat-men","8":"product_cat-new-arrivals","9":"product_cat-new-collection-manifest","10":"product_cat-t-shirts","12":"first","13":"instock","14":"sale","15":"shipping-taxable","16":"purchasable","17":"product-type-variable"},"bundled_by":[],"bundle_stock_status":"instock","bundle_stock_quantity":null,"bundle_virtual":false,"bundle_layout":"","bundle_add_to_cart_form_location":"","bundle_editable_in_cart":false,"bundle_sold_individually_context":"","bundle_item_grouping":"","bundle_min_size":"","bundle_max_size":"","bundle_price":[],"bundled_items":[],"bundle_sell_ids":[],"_links":{"self":[{"href":"https:\/\/www.primozroglic.com\/en\/wp-json\/wp\/v2\/product\/60627","targetHints":{"allow":["GET"]}}],"collection":[{"href":"https:\/\/www.primozroglic.com\/en\/wp-json\/wp\/v2\/product"}],"about":[{"href":"https:\/\/www.primozroglic.com\/en\/wp-json\/wp\/v2\/types\/product"}],"wp:featuredmedia":[{"embeddable":true,"href":"https:\/\/www.primozroglic.com\/en\/wp-json\/wp\/v2\/media\/59590"}],"wp:attachment":[{"href":"https:\/\/www.primozroglic.com\/en\/wp-json\/wp\/v2\/media?parent=60627"}],"wp:term":[{"taxonomy":"product_brand","embeddable":true,"href":"https:\/\/www.primozroglic.com\/en\/wp-json\/wp\/v2\/product_brand?post=60627"},{"taxonomy":"product_cat","embeddable":true,"href":"https:\/\/www.primozroglic.com\/en\/wp-json\/wp\/v2\/product_cat?post=60627"},{"taxonomy":"product_tag","embeddable":true,"href":"https:\/\/www.primozroglic.com\/en\/wp-json\/wp\/v2\/product_tag?post=60627"}],"curies":[{"name":"wp","href":"https:\/\/api.w.org\/{rel}","templated":true}]}}